{"id":45,"date":"2024-07-29T18:32:06","date_gmt":"2024-07-29T18:32:06","guid":{"rendered":"https:\/\/raquelsousanutricionista.pt\/?page_id=45"},"modified":"2024-07-29T22:42:55","modified_gmt":"2024-07-29T22:42:55","slug":"casos-de-sucesso","status":"publish","type":"page","link":"https:\/\/raquelsousanutricionista.pt\/?page_id=45","title":{"rendered":""},"content":{"rendered":"\n<div class=\"wp-block-group alignfull has-global-padding is-content-justification-center is-layout-constrained wp-container-core-group-is-layout-dc0cd46f wp-block-group-is-layout-constrained\" style=\"margin-top:0;margin-bottom:0;padding-top:var(--wp--preset--spacing--superbspacing-large);padding-right:var(--wp--preset--spacing--superbspacing-small);padding-bottom:var(--wp--preset--spacing--superbspacing-large);padding-left:var(--wp--preset--spacing--superbspacing-small)\">\n<div class=\"wp-block-group alignwide has-global-padding is-layout-constrained wp-container-core-group-is-layout-58b2f4d9 wp-block-group-is-layout-constrained\">\n<h2 class=\"wp-block-heading has-text-align-center has-contrast-color has-text-color has-superbfont-xlarge-font-size\">TESTEMUNHOS<\/h2>\n\n\n\n<h3 class=\"wp-block-heading has-text-align-center has-featured-color has-text-color has-superbfont-small-font-size\">DAS MINHAS CLIENTES<\/h3>\n<\/div>\n\n\n\n<div class=\"wp-block-columns is-layout-flex wp-container-core-columns-is-layout-28f84493 wp-block-columns-is-layout-flex\">\n<div class=\"wp-block-column has-border-color has-mono-3-border-color is-layout-flow wp-block-column-is-layout-flow\" style=\"border-width:1px;padding-top:var(--wp--preset--spacing--superbspacing-small);padding-right:var(--wp--preset--spacing--superbspacing-small);padding-bottom:var(--wp--preset--spacing--superbspacing-small);padding-left:var(--wp--preset--spacing--superbspacing-small)\">\n<p class=\"has-text-align-left has-mono-2-color has-text-color has-link-color has-superbfont-xsmall-font-size wp-elements-ddb39582554505a4277f207383ddd59f\">Fui acompanhada durante toda a gravidez e o p\u00f3s parto pela nutricionista Raquel, foi sempre muito prest\u00e1vel e dispon\u00edvel. Atrav\u00e9s de um plano adequado e diferenciado consegui atingir os meus objectivos. Recomendo!!!<\/p>\n\n\n\n<div class=\"wp-block-group is-content-justification-left is-nowrap is-layout-flex wp-container-core-group-is-layout-aa3b437a wp-block-group-is-layout-flex\">\n<div class=\"wp-block-group is-vertical is-content-justification-left is-layout-flex wp-container-core-group-is-layout-2290e706 wp-block-group-is-layout-flex\">\n<h2 class=\"wp-block-heading has-text-align-left has-contrast-color has-text-color has-alegreya-font-family has-superbfont-small-font-size\">Daniela Gon\u00e7alves<\/h2>\n\n\n\n<figure class=\"wp-block-image aligncenter size-full is-resized\"><img decoding=\"async\" src=\"https:\/\/raquelsousanutricionista.pt\/wp-content\/themes\/bakery-and-pastry\/assets\/images\/testimonial\/testionial-1-stars.png\" alt=\"\" class=\"wp-image-2035\" style=\"object-fit:contain;width:95px;height:16px\"\/><\/figure>\n<\/div>\n<\/div>\n<\/div>\n\n\n\n<div class=\"wp-block-column has-border-color has-mono-3-border-color is-layout-flow wp-block-column-is-layout-flow\" style=\"border-width:1px;padding-top:var(--wp--preset--spacing--superbspacing-small);padding-right:var(--wp--preset--spacing--superbspacing-small);padding-bottom:var(--wp--preset--spacing--superbspacing-small);padding-left:var(--wp--preset--spacing--superbspacing-small)\">\n<p>A Raquel Sousa j\u00e1 \u00e9 minha Nutri h\u00e1 mais de um ano. Com ela emagreci mais de 9kg com muita compreens\u00e3o, foco, empatia e aten\u00e7\u00e3o. A cl\u00ednica \u00e9 muito acolhedora, e agora com outras especialidades \u00e9 uma equipa incr\u00edvel! Sucesso com essa nova morada e parab\u00e9ns pelo trabalho \u00fanico que fazes! Super recomendo!!!!<\/p>\n\n\n\n<div class=\"wp-block-group is-content-justification-left is-nowrap is-layout-flex wp-container-core-group-is-layout-aa3b437a wp-block-group-is-layout-flex\">\n<div class=\"wp-block-group is-vertical is-content-justification-left is-layout-flex wp-container-core-group-is-layout-2290e706 wp-block-group-is-layout-flex\">\n<h2 class=\"wp-block-heading has-text-align-left has-contrast-color has-text-color has-alegreya-font-family has-superbfont-small-font-size\">Fabiana Moulin<\/h2>\n\n\n\n<figure class=\"wp-block-image aligncenter size-full is-resized\"><img decoding=\"async\" src=\"https:\/\/raquelsousanutricionista.pt\/wp-content\/themes\/bakery-and-pastry\/assets\/images\/testimonial\/testionial-1-stars.png\" alt=\"\" class=\"wp-image-2035\" style=\"object-fit:contain;width:95px;height:16px\"\/><\/figure>\n<\/div>\n<\/div>\n<\/div>\n<\/div>\n\n\n\n<div class=\"wp-block-columns is-layout-flex wp-container-core-columns-is-layout-a236a144 wp-block-columns-is-layout-flex\" style=\"margin-top:var(--wp--preset--spacing--superbspacing-xsmall);margin-bottom:var(--wp--preset--spacing--superbspacing-xsmall)\">\n<div class=\"wp-block-column has-border-color has-mono-3-border-color is-layout-flow wp-block-column-is-layout-flow\" style=\"border-width:1px;padding-top:var(--wp--preset--spacing--superbspacing-small);padding-right:var(--wp--preset--spacing--superbspacing-small);padding-bottom:var(--wp--preset--spacing--superbspacing-small);padding-left:var(--wp--preset--spacing--superbspacing-small)\">\n<p class=\"has-text-align-left has-mono-2-color has-text-color has-link-color has-superbfont-xsmall-font-size wp-elements-9c850b1a8fdd3f94d9d4216768303e3b\">Comecei este percurso com d\u00favidas se ia ser capaz de emagrecer aquilo que pretendia. Descobri do outro lado, uma nutricionista que faz todo o processo parecer leve, tranquilo, sem julgamentos, mantendo o foco, ajustando o plano aos alimentos de que gostamos e descobrindo outros que nunca pens\u00e1mos que pudessem ser op\u00e7\u00e3o! Muito obrigada Dr\u00aa Raquel, por estes meses de aprendizagem, empenho e motiva\u00e7\u00e3o para chegar onde pretendia. Foi um acompanhamento excecional! Tudo de bom para si e para a Vittaclinic!<\/p>\n\n\n\n<div class=\"wp-block-group is-content-justification-left is-nowrap is-layout-flex wp-container-core-group-is-layout-aa3b437a wp-block-group-is-layout-flex\">\n<div class=\"wp-block-group is-vertical is-content-justification-left is-layout-flex wp-container-core-group-is-layout-2290e706 wp-block-group-is-layout-flex\">\n<h2 class=\"wp-block-heading has-text-align-left has-contrast-color has-text-color has-alegreya-font-family has-superbfont-small-font-size\">Ana Neves<\/h2>\n\n\n\n<figure class=\"wp-block-image aligncenter size-full is-resized\"><img decoding=\"async\" src=\"https:\/\/raquelsousanutricionista.pt\/wp-content\/themes\/bakery-and-pastry\/assets\/images\/testimonial\/testionial-1-stars.png\" alt=\"\" class=\"wp-image-2035\" style=\"object-fit:contain;width:95px;height:16px\"\/><\/figure>\n<\/div>\n<\/div>\n<\/div>\n\n\n\n<div class=\"wp-block-column has-border-color has-mono-3-border-color is-layout-flow wp-block-column-is-layout-flow\" style=\"border-width:1px;padding-top:var(--wp--preset--spacing--superbspacing-small);padding-right:var(--wp--preset--spacing--superbspacing-small);padding-bottom:var(--wp--preset--spacing--superbspacing-small);padding-left:var(--wp--preset--spacing--superbspacing-small)\">\n<p class=\"has-text-align-left has-mono-2-color has-text-color has-link-color has-superbfont-xsmall-font-size wp-elements-51ebd9690043d1df17fe5149f0c18497\">Ap\u00f3s 2 anos a adiar a ida a um nutricionista dei o passo de marcar uma consulta com a Raquel.<br>Por ser extremamente seletiva com a comida n\u00e3o estava confiante que fosse resultar. Por\u00e9m, a Raquel adaptou o meu plano de forma a que eu o conseguisse cumprir a 100%. O acompanhamento semanal fez toda a diferen\u00e7a. Foi a melhor decis\u00e3o de 2023, muito obrigada.<\/p>\n\n\n\n<p class=\"has-text-align-left has-mono-2-color has-text-color has-link-color has-superbfont-xsmall-font-size wp-elements-fcc685a35d948ce67b32cce9156c1f83\"><\/p>\n\n\n\n<p><\/p>\n\n\n\n<div class=\"wp-block-group is-content-justification-left is-nowrap is-layout-flex wp-container-core-group-is-layout-aa3b437a wp-block-group-is-layout-flex\">\n<div class=\"wp-block-group is-vertical is-content-justification-left is-layout-flex wp-container-core-group-is-layout-2290e706 wp-block-group-is-layout-flex\">\n<h2 class=\"wp-block-heading has-text-align-left has-contrast-color has-text-color has-alegreya-font-family has-superbfont-small-font-size\">Catarina Margarido<\/h2>\n\n\n\n<figure class=\"wp-block-image aligncenter size-full is-resized\"><img decoding=\"async\" src=\"https:\/\/raquelsousanutricionista.pt\/wp-content\/themes\/bakery-and-pastry\/assets\/images\/testimonial\/testionial-1-stars.png\" alt=\"\" class=\"wp-image-2035\" style=\"object-fit:contain;width:95px;height:16px\"\/><\/figure>\n<\/div>\n<\/div>\n<\/div>\n<\/div>\n<\/div>\n","protected":false},"excerpt":{"rendered":"<p>TESTEMUNHOS DAS MINHAS CLIENTES Fui acompanhada durante toda a gravidez e o p\u00f3s parto pela nutricionista Raquel, foi sempre muito prest\u00e1vel e dispon\u00edvel. Atrav\u00e9s de um plano adequado e diferenciado consegui atingir os meus objectivos. Recomendo!!! Daniela Gon\u00e7alves A Raquel Sousa j\u00e1 \u00e9 minha Nutri h\u00e1 mais de um ano. Com ela emagreci mais de [&hellip;]<\/p>\n","protected":false},"author":1,"featured_media":0,"parent":0,"menu_order":0,"comment_status":"closed","ping_status":"closed","template":"","meta":{"footnotes":""},"class_list":["post-45","page","type-page","status-publish","hentry"],"_links":{"self":[{"href":"https:\/\/raquelsousanutricionista.pt\/index.php?rest_route=\/wp\/v2\/pages\/45","targetHints":{"allow":["GET"]}}],"collection":[{"href":"https:\/\/raquelsousanutricionista.pt\/index.php?rest_route=\/wp\/v2\/pages"}],"about":[{"href":"https:\/\/raquelsousanutricionista.pt\/index.php?rest_route=\/wp\/v2\/types\/page"}],"author":[{"embeddable":true,"href":"https:\/\/raquelsousanutricionista.pt\/index.php?rest_route=\/wp\/v2\/users\/1"}],"replies":[{"embeddable":true,"href":"https:\/\/raquelsousanutricionista.pt\/index.php?rest_route=%2Fwp%2Fv2%2Fcomments&post=45"}],"version-history":[{"count":9,"href":"https:\/\/raquelsousanutricionista.pt\/index.php?rest_route=\/wp\/v2\/pages\/45\/revisions"}],"predecessor-version":[{"id":128,"href":"https:\/\/raquelsousanutricionista.pt\/index.php?rest_route=\/wp\/v2\/pages\/45\/revisions\/128"}],"wp:attachment":[{"href":"https:\/\/raquelsousanutricionista.pt\/index.php?rest_route=%2Fwp%2Fv2%2Fmedia&parent=45"}],"curies":[{"name":"wp","href":"https:\/\/api.w.org\/{rel}","templated":true}]}}