{"id":55,"date":"2024-07-29T19:03:53","date_gmt":"2024-07-29T19:03:53","guid":{"rendered":"https:\/\/raquelsousanutricionista.pt\/?page_id=55"},"modified":"2024-07-30T20:32:30","modified_gmt":"2024-07-30T20:32:30","slug":"e-books","status":"publish","type":"page","link":"https:\/\/raquelsousanutricionista.pt\/?page_id=55","title":{"rendered":"E-BOOKS"},"content":{"rendered":"\n<figure class=\"wp-block-gallery has-nested-images columns-default is-cropped wp-block-gallery-1 is-layout-flex wp-block-gallery-is-layout-flex\">\n<figure class=\"wp-block-image size-large\"><img loading=\"lazy\" decoding=\"async\" width=\"724\" height=\"1024\" data-id=\"80\" src=\"https:\/\/raquelsousanutricionista.pt\/wp-content\/uploads\/2024\/07\/CAPA-1-724x1024.png\" alt=\"\" class=\"wp-image-80\" srcset=\"https:\/\/raquelsousanutricionista.pt\/wp-content\/uploads\/2024\/07\/CAPA-1-724x1024.png 724w, https:\/\/raquelsousanutricionista.pt\/wp-content\/uploads\/2024\/07\/CAPA-1-212x300.png 212w, https:\/\/raquelsousanutricionista.pt\/wp-content\/uploads\/2024\/07\/CAPA-1-768x1086.png 768w, https:\/\/raquelsousanutricionista.pt\/wp-content\/uploads\/2024\/07\/CAPA-1-1086x1536.png 1086w, https:\/\/raquelsousanutricionista.pt\/wp-content\/uploads\/2024\/07\/CAPA-1.png 1414w\" sizes=\"auto, (max-width: 724px) 100vw, 724px\" \/><\/figure>\n\n\n\n<figure class=\"wp-block-image size-large\"><img loading=\"lazy\" decoding=\"async\" width=\"724\" height=\"1024\" data-id=\"81\" src=\"https:\/\/raquelsousanutricionista.pt\/wp-content\/uploads\/2024\/07\/CAPA-1k-724x1024.png\" alt=\"\" class=\"wp-image-81\" srcset=\"https:\/\/raquelsousanutricionista.pt\/wp-content\/uploads\/2024\/07\/CAPA-1k-724x1024.png 724w, https:\/\/raquelsousanutricionista.pt\/wp-content\/uploads\/2024\/07\/CAPA-1k-212x300.png 212w, https:\/\/raquelsousanutricionista.pt\/wp-content\/uploads\/2024\/07\/CAPA-1k-768x1086.png 768w, https:\/\/raquelsousanutricionista.pt\/wp-content\/uploads\/2024\/07\/CAPA-1k-1086x1536.png 1086w, https:\/\/raquelsousanutricionista.pt\/wp-content\/uploads\/2024\/07\/CAPA-1k.png 1414w\" sizes=\"auto, (max-width: 724px) 100vw, 724px\" \/><\/figure>\n\n\n\n<figure class=\"wp-block-image size-large\"><img loading=\"lazy\" decoding=\"async\" width=\"724\" height=\"1024\" data-id=\"82\" src=\"https:\/\/raquelsousanutricionista.pt\/wp-content\/uploads\/2024\/07\/fegh-724x1024.png\" alt=\"\" class=\"wp-image-82\" srcset=\"https:\/\/raquelsousanutricionista.pt\/wp-content\/uploads\/2024\/07\/fegh-724x1024.png 724w, https:\/\/raquelsousanutricionista.pt\/wp-content\/uploads\/2024\/07\/fegh-212x300.png 212w, https:\/\/raquelsousanutricionista.pt\/wp-content\/uploads\/2024\/07\/fegh-768x1086.png 768w, https:\/\/raquelsousanutricionista.pt\/wp-content\/uploads\/2024\/07\/fegh-1086x1536.png 1086w, https:\/\/raquelsousanutricionista.pt\/wp-content\/uploads\/2024\/07\/fegh.png 1414w\" sizes=\"auto, (max-width: 724px) 100vw, 724px\" \/><\/figure>\n\n\n\n<figure class=\"wp-block-image size-large\"><img loading=\"lazy\" decoding=\"async\" width=\"724\" height=\"1024\" data-id=\"83\" src=\"https:\/\/raquelsousanutricionista.pt\/wp-content\/uploads\/2024\/07\/ik-724x1024.png\" alt=\"\" class=\"wp-image-83\" srcset=\"https:\/\/raquelsousanutricionista.pt\/wp-content\/uploads\/2024\/07\/ik-724x1024.png 724w, https:\/\/raquelsousanutricionista.pt\/wp-content\/uploads\/2024\/07\/ik-212x300.png 212w, https:\/\/raquelsousanutricionista.pt\/wp-content\/uploads\/2024\/07\/ik-768x1086.png 768w, https:\/\/raquelsousanutricionista.pt\/wp-content\/uploads\/2024\/07\/ik-1086x1536.png 1086w, https:\/\/raquelsousanutricionista.pt\/wp-content\/uploads\/2024\/07\/ik.png 1414w\" sizes=\"auto, (max-width: 724px) 100vw, 724px\" \/><\/figure>\n\n\n\n<figure class=\"wp-block-image size-large\"><img loading=\"lazy\" decoding=\"async\" width=\"724\" height=\"1024\" data-id=\"84\" src=\"https:\/\/raquelsousanutricionista.pt\/wp-content\/uploads\/2024\/07\/saertyu-724x1024.png\" alt=\"\" class=\"wp-image-84\" srcset=\"https:\/\/raquelsousanutricionista.pt\/wp-content\/uploads\/2024\/07\/saertyu-724x1024.png 724w, https:\/\/raquelsousanutricionista.pt\/wp-content\/uploads\/2024\/07\/saertyu-212x300.png 212w, https:\/\/raquelsousanutricionista.pt\/wp-content\/uploads\/2024\/07\/saertyu-768x1086.png 768w, https:\/\/raquelsousanutricionista.pt\/wp-content\/uploads\/2024\/07\/saertyu-1086x1536.png 1086w, https:\/\/raquelsousanutricionista.pt\/wp-content\/uploads\/2024\/07\/saertyu.png 1414w\" sizes=\"auto, (max-width: 724px) 100vw, 724px\" \/><\/figure>\n\n\n\n<figure class=\"wp-block-image size-large\"><img loading=\"lazy\" decoding=\"async\" width=\"724\" height=\"1024\" data-id=\"85\" src=\"https:\/\/raquelsousanutricionista.pt\/wp-content\/uploads\/2024\/07\/kkkk-724x1024.png\" alt=\"\" class=\"wp-image-85\" srcset=\"https:\/\/raquelsousanutricionista.pt\/wp-content\/uploads\/2024\/07\/kkkk-724x1024.png 724w, https:\/\/raquelsousanutricionista.pt\/wp-content\/uploads\/2024\/07\/kkkk-212x300.png 212w, https:\/\/raquelsousanutricionista.pt\/wp-content\/uploads\/2024\/07\/kkkk-768x1086.png 768w, https:\/\/raquelsousanutricionista.pt\/wp-content\/uploads\/2024\/07\/kkkk-1086x1536.png 1086w, https:\/\/raquelsousanutricionista.pt\/wp-content\/uploads\/2024\/07\/kkkk.png 1414w\" sizes=\"auto, (max-width: 724px) 100vw, 724px\" \/><\/figure>\n<\/figure>\n\n\n\n<div class=\"wp-block-group alignfull has-global-padding is-layout-constrained wp-container-core-group-is-layout-0115d0c2 wp-block-group-is-layout-constrained\" style=\"margin-top:0;margin-bottom:0;padding-top:var(--wp--preset--spacing--superbspacing-small);padding-right:var(--wp--preset--spacing--superbspacing-small);padding-bottom:var(--wp--preset--spacing--superbspacing-large);padding-left:var(--wp--preset--spacing--superbspacing-small)\">\n<div class=\"wp-block-group alignwide has-global-padding is-layout-constrained wp-container-core-group-is-layout-58b2f4d9 wp-block-group-is-layout-constrained\">\n<h2 class=\"wp-block-heading has-text-align-center has-contrast-color has-text-color has-superbfont-xlarge-font-size\">COMO OBTER:<\/h2>\n\n\n\n<p class=\"has-text-align-center has-mono-2-color has-text-color has-superbfont-small-font-size\">Para saberes mais informa\u00e7\u00f5es, como valores, conte\u00fado ou para adquirires algum destes E-Books, envia um e-mail para o endere\u00e7o de e-mail mencionado abaixo, com o nome do E-Book que pretendes.<\/p>\n<\/div>\n\n\n\n<div class=\"wp-block-columns is-layout-flex wp-container-core-columns-is-layout-28f84493 wp-block-columns-is-layout-flex\">\n<div class=\"wp-block-column has-border-color has-mono-3-border-color is-layout-flow wp-block-column-is-layout-flow\" style=\"border-width:1px;padding-top:var(--wp--preset--spacing--superbspacing-small);padding-right:var(--wp--preset--spacing--superbspacing-small);padding-bottom:var(--wp--preset--spacing--superbspacing-small);padding-left:var(--wp--preset--spacing--superbspacing-small)\">\n<figure class=\"wp-block-image aligncenter size-full is-resized\"><img decoding=\"async\" src=\"https:\/\/raquelsousanutricionista.pt\/wp-content\/themes\/bakery-and-pastry\/assets\/images\/contact\/contact-10-1.png\" alt=\"\" style=\"object-fit:cover;width:48px;height:48px\"\/><\/figure>\n\n\n\n<h3 class=\"wp-block-heading has-text-align-center has-superbfont-medium-font-size\" style=\"margin-top:0;margin-bottom:0\">EMAIL<\/h3>\n\n\n\n<p class=\"has-text-align-center has-mono-2-color has-text-color has-link-color has-superbfont-xsmall-font-size wp-elements-eaeb8b847db0690bd1020f4a6b8a88ac\" style=\"margin-top:var(--wp--preset--spacing--superbspacing-xxsmall);margin-bottom:0\">geral@raquelsousanutricionista.pt<\/p>\n<\/div>\n<\/div>\n<\/div>\n","protected":false},"excerpt":{"rendered":"<p>COMO OBTER: Para saberes mais informa\u00e7\u00f5es, como valores, conte\u00fado ou para adquirires algum destes E-Books, envia um e-mail para o endere\u00e7o de e-mail mencionado abaixo, com o nome do E-Book que pretendes. EMAIL geral@raquelsousanutricionista.pt<\/p>\n","protected":false},"author":1,"featured_media":0,"parent":0,"menu_order":0,"comment_status":"closed","ping_status":"closed","template":"","meta":{"footnotes":""},"class_list":["post-55","page","type-page","status-publish","hentry"],"_links":{"self":[{"href":"https:\/\/raquelsousanutricionista.pt\/index.php?rest_route=\/wp\/v2\/pages\/55","targetHints":{"allow":["GET"]}}],"collection":[{"href":"https:\/\/raquelsousanutricionista.pt\/index.php?rest_route=\/wp\/v2\/pages"}],"about":[{"href":"https:\/\/raquelsousanutricionista.pt\/index.php?rest_route=\/wp\/v2\/types\/page"}],"author":[{"embeddable":true,"href":"https:\/\/raquelsousanutricionista.pt\/index.php?rest_route=\/wp\/v2\/users\/1"}],"replies":[{"embeddable":true,"href":"https:\/\/raquelsousanutricionista.pt\/index.php?rest_route=%2Fwp%2Fv2%2Fcomments&post=55"}],"version-history":[{"count":5,"href":"https:\/\/raquelsousanutricionista.pt\/index.php?rest_route=\/wp\/v2\/pages\/55\/revisions"}],"predecessor-version":[{"id":162,"href":"https:\/\/raquelsousanutricionista.pt\/index.php?rest_route=\/wp\/v2\/pages\/55\/revisions\/162"}],"wp:attachment":[{"href":"https:\/\/raquelsousanutricionista.pt\/index.php?rest_route=%2Fwp%2Fv2%2Fmedia&parent=55"}],"curies":[{"name":"wp","href":"https:\/\/api.w.org\/{rel}","templated":true}]}}